{"id":2005,"date":"2023-04-07T09:18:04","date_gmt":"2023-04-07T09:18:04","guid":{"rendered":"https:\/\/macbookwale.com\/?page_id=2005"},"modified":"2023-04-15T12:26:55","modified_gmt":"2023-04-15T12:26:55","slug":"blog","status":"publish","type":"page","link":"https:\/\/macbookwale.com\/index.php\/blog\/","title":{"rendered":"Blog"},"content":{"rendered":"\t\t<div data-elementor-type=\"wp-page\" data-elementor-id=\"2005\" class=\"elementor elementor-2005\">\n\t\t\t\t\t\t\t\t\t<section class=\"elementor-section elementor-top-section elementor-element elementor-element-7748a38 elementor-section-boxed elementor-section-height-default elementor-section-height-default\" data-id=\"7748a38\" data-element_type=\"section\" data-settings=\"{&quot;background_background&quot;:&quot;classic&quot;}\">\n\t\t\t\t\t\t<div class=\"elementor-container elementor-column-gap-default\">\n\t\t\t\t\t<div class=\"elementor-column elementor-col-100 elementor-top-column elementor-element elementor-element-a516928\" data-id=\"a516928\" data-element_type=\"column\">\n\t\t\t<div class=\"elementor-widget-wrap elementor-element-populated\">\n\t\t\t\t\t\t\t\t<div class=\"elementor-element elementor-element-280c964 meta-visibility-show section-title-style-style1 title-default title_position_default title_hover_border_default img_hover_animation_default meta_position_default tpg-is-author-icon-show author-image-visibility-image tpg-category-position-default readmore-btn-default-style grid-hover-overlay-type-always tpg-el-box-border-enable tpg-border-bottom-disable elementor-widget elementor-widget-tpg-grid-layout\" data-id=\"280c964\" data-element_type=\"widget\" data-widget_type=\"tpg-grid-layout.default\">\n\t\t\t\t<div class=\"elementor-widget-container\">\n\t\t\t        <div class=\"rt-container-fluid rt-tpg-container tpg-el-main-wrapper clearfix grid-layout1-main\"\r\n             id=\"rt-tpg-container-2788993307\"\r\n             data-layout=\"grid-layout1\"\r\n             data-grid-style=\"tpg-full-height\"\r\n             data-sc-id=\"elementor\"\r\n             data-el-settings=''\r\n             data-el-query=''\r\n             data-el-path=''\r\n        >\r\n\r\n\t\t\t<div class='tpg-header-wrapper '>\r\n        <div class=\"tpg-widget-heading-wrapper rt-clear heading-style1 \">\r\n            <span class=\"tpg-widget-heading-line line-left\"><\/span>\r\n\r\n\t\t\t<h2 class='tpg-widget-heading'>\r\n\t\t\t\r\n\t\t\t\t                    <span>\r\n                        Featured Post                    <\/span>\r\n\t\t\t\t\t\r\n\t\t\t\t\t\t\t<\/h2>            <span class=\"tpg-widget-heading-line line-right\"><\/span>\r\n        <\/div>\r\n\r\n\t\t\r\n\t\t<\/div>\r\n            <div data-title=\"Loading ...\" class=\"rt-row rt-content-loader grid-layout1 grid-behaviour tpg-full-height grid_layout_wrapper\">\r\n\t\t\t\t\r\n<div class=\"rt-col-md-12 rt-col-sm-6 rt-col-xs-12 default rt-grid-item post-2041 post type-post status-publish format-standard hentry category-uncategorized\"\t\tdata-id=\"2041\">\r\n\t<div class=\"rt-holder tpg-post-holder\">\r\n\t\t<div class=\"rt-detail rt-el-content-wrapper\">\r\n\t\t\t\t\t\t\t<div class=\"rt-img-holder tpg-el-image-wrap has-no-thumbnail\">\r\n\t\t\t\t\t<a data-id=\"2041\" href=\"https:\/\/macbookwale.com\/index.php\/2023\/04\/08\/top-7-simple-and-efficient-hacks-to-clean-your-iphone-in-pointers\/\" class=\"tpg-post-link\" target=\"_self\"><img class='rt-img-responsive' src='https:\/\/macbookwale.com\/wp-content\/uploads\/2023\/04\/clean-the-phone-768x459-1.png' width=\"768\" height=\"459\" alt='Top 7 Simple and Efficient Hacks to Clean Your iPhone'>\t\t\r\n\t\t<\/a>\r\n\t\t        <div class=\"overlay grid-hover-content\"><\/div>\r\n\t\t\t\t\t\t<\/div>\r\n\t\t\t\r\n\t\t\t<div class=\"entry-title-wrapper\"><h3 class=\"entry-title\"><a data-id=\"2041\" href=\"https:\/\/macbookwale.com\/index.php\/2023\/04\/08\/top-7-simple-and-efficient-hacks-to-clean-your-iphone-in-pointers\/\" class=\"tpg-post-link\" target=\"_self\">Top 7 Simple and Efficient Hacks to Clean Your iPhone<\/a><\/h3><\/div>\r\n\t\t\t\t\t\t\t<div class=\"post-meta-tags rt-el-post-meta\">\r\n\t\t\t\t\t            <span class='author has-author-avatar'>\r\n\r\n\t\t\t\t<img alt='' src='https:\/\/secure.gravatar.com\/avatar\/d8d7fb7e96eb2ad1641c3c53a9ed4ebe?s=80&#038;d=mm&#038;r=g' class='avatar avatar-80 photo' height='80' width='80' \/><a href=\"https:\/\/macbookwale.com\/index.php\/author\/macbookwale\/\">macbookwale<\/a>\t\t\t<\/span>\r\n\t\t\t            <span class='date'>\r\n\r\n\t\t\t\t<i class='far fa-calendar-alt'><\/i>\t\t\t\t<a href=\"https:\/\/macbookwale.com\/index.php\/2023\/04\/08\/\">\r\n\t\t\t\t\tApril 8, 2023\t\t\t\t<\/a>\r\n\t\t\t<\/span>\r\n\t\t\t            <span class='categories-links'>\r\n\t\t\t\t<i class='fas fa-folder-open'><\/i><a class=\"uncategorized\" href=\"https:\/\/macbookwale.com\/index.php\/category\/uncategorized\/\">Uncategorized<\/a>\r\n\t\t\t<\/span>\r\n\t\t\t\t\t\t\t<\/div>\r\n\t\t\t\r\n\r\n\t\t\t\t\t\t\t<div class=\"tpg-excerpt tpg-el-excerpt\">\r\n\t\t\t\t\t\t\t\t\t\t\t<div class=\"tpg-excerpt-inner\">\r\n\t\t\t\t\t\t\tUse a microfiber cloth: The first step to cleaning your iPhone is to wipe it down with a soft, microfiber cloth. This will remove any dust or dirt from the surface of your phone. Use a screen  ...\t\t\t\t\t\t<\/div>\r\n\t\t\t\t\t\t\t\t\t\t\t\t\t\t<\/div>\r\n\t\t\t\r\n\t\t\t        <div class=\"post-footer\">\r\n            <div class=\"read-more\">\r\n\t\t\t\t<a data-id=\"2041\" href=\"https:\/\/macbookwale.com\/index.php\/2023\/04\/08\/top-7-simple-and-efficient-hacks-to-clean-your-iphone-in-pointers\/\" class=\"tpg-post-link\" target=\"_self\">Read More<\/a>            <\/div>\r\n        <\/div>\r\n\t\t\t\t<\/div>\r\n\t<\/div>\r\n<\/div>\r\n            <\/div>\r\n\t\t\t\r\n        <\/div>\r\n\t\t\t\t<\/div>\n\t\t\t\t<\/div>\n\t\t\t\t<div class=\"elementor-element elementor-element-dc417cd meta-visibility-show section-title-style-style1 title-default title_position_default title_hover_border_default img_hover_animation_default meta_position_default tpg-is-author-icon-show author-image-visibility-image tpg-category-position-default readmore-btn-default-style grid-hover-overlay-type-always tpg-el-box-border-enable tpg-border-bottom-disable elementor-widget elementor-widget-tpg-grid-layout\" data-id=\"dc417cd\" data-element_type=\"widget\" data-widget_type=\"tpg-grid-layout.default\">\n\t\t\t\t<div class=\"elementor-widget-container\">\n\t\t\t        <div class=\"rt-container-fluid rt-tpg-container tpg-el-main-wrapper clearfix grid-layout1-main\"\r\n             id=\"rt-tpg-container-2308150143\"\r\n             data-layout=\"grid-layout1\"\r\n             data-grid-style=\"tpg-full-height\"\r\n             data-sc-id=\"elementor\"\r\n             data-el-settings=''\r\n             data-el-query=''\r\n             data-el-path=''\r\n        >\r\n\r\n\t\t\t<div class='tpg-header-wrapper '>\r\n        <div class=\"tpg-widget-heading-wrapper rt-clear heading-style1 \">\r\n            <span class=\"tpg-widget-heading-line line-left\"><\/span>\r\n\r\n\t\t\t<h2 class='tpg-widget-heading'>\r\n\t\t\t\r\n\t\t\t\t                    <span>\r\n                        Blog Posts                    <\/span>\r\n\t\t\t\t\t\r\n\t\t\t\t\t\t\t<\/h2>            <span class=\"tpg-widget-heading-line line-right\"><\/span>\r\n        <\/div>\r\n\r\n\t\t\r\n\t\t<\/div>\r\n            <div data-title=\"Loading ...\" class=\"rt-row rt-content-loader grid-layout1 grid-behaviour tpg-full-height grid_layout_wrapper\">\r\n\t\t\t\t\r\n<div class=\"rt-col-md-4 rt-col-sm-6 rt-col-xs-12 default rt-grid-item post-2094 post type-post status-publish format-standard hentry category-uncategorized\"\t\tdata-id=\"2094\">\r\n\t<div class=\"rt-holder tpg-post-holder\">\r\n\t\t<div class=\"rt-detail rt-el-content-wrapper\">\r\n\t\t\t\t\t\t\t<div class=\"rt-img-holder tpg-el-image-wrap has-no-thumbnail\">\r\n\t\t\t\t\t<a data-id=\"2094\" href=\"https:\/\/macbookwale.com\/index.php\/2023\/04\/08\/expert-advice-to-fix-your-water-damaged-smart-iphone-2\/\" class=\"tpg-post-link\" target=\"_self\"><img class='rt-img-responsive' src='https:\/\/macbookwale.com\/wp-content\/uploads\/2023\/04\/iphone-water-damage-1.webp' width=\"640\" height=\"426\" alt='Expert Advice to Fix your Water Damaged Smart iPhone:'>\t\t\r\n\t\t<\/a>\r\n\t\t        <div class=\"overlay grid-hover-content\"><\/div>\r\n\t\t\t\t\t\t<\/div>\r\n\t\t\t\r\n\t\t\t<div class=\"entry-title-wrapper\"><h3 class=\"entry-title\"><a data-id=\"2094\" href=\"https:\/\/macbookwale.com\/index.php\/2023\/04\/08\/expert-advice-to-fix-your-water-damaged-smart-iphone-2\/\" class=\"tpg-post-link\" target=\"_self\">Expert Advice to Fix your Water Damaged Smart iPhone:<\/a><\/h3><\/div>\r\n\t\t\t\t\t\t\t<div class=\"post-meta-tags rt-el-post-meta\">\r\n\t\t\t\t\t            <span class='author has-author-avatar'>\r\n\r\n\t\t\t\t<img alt='' src='https:\/\/secure.gravatar.com\/avatar\/d8d7fb7e96eb2ad1641c3c53a9ed4ebe?s=80&#038;d=mm&#038;r=g' class='avatar avatar-80 photo' height='80' width='80' \/><a href=\"https:\/\/macbookwale.com\/index.php\/author\/macbookwale\/\">macbookwale<\/a>\t\t\t<\/span>\r\n\t\t\t            <span class='date'>\r\n\r\n\t\t\t\t<i class='far fa-calendar-alt'><\/i>\t\t\t\t<a href=\"https:\/\/macbookwale.com\/index.php\/2023\/04\/08\/\">\r\n\t\t\t\t\tApril 8, 2023\t\t\t\t<\/a>\r\n\t\t\t<\/span>\r\n\t\t\t            <span class='categories-links'>\r\n\t\t\t\t<i class='fas fa-folder-open'><\/i><a class=\"uncategorized\" href=\"https:\/\/macbookwale.com\/index.php\/category\/uncategorized\/\">Uncategorized<\/a>\r\n\t\t\t<\/span>\r\n\t\t\t\t\t\t\t<\/div>\r\n\t\t\t\r\n\r\n\t\t\t\t\t\t\t<div class=\"tpg-excerpt tpg-el-excerpt\">\r\n\t\t\t\t\t\t\t\t\t\t\t<div class=\"tpg-excerpt-inner\">\r\n\t\t\t\t\t\t\tTurn off your iPhone: The first thing you should do if your iPhone gets wet is to turn it off immediately. This will prevent any further damage to the internal components. Remove the SIM card and  ...\t\t\t\t\t\t<\/div>\r\n\t\t\t\t\t\t\t\t\t\t\t\t\t\t<\/div>\r\n\t\t\t\r\n\t\t\t        <div class=\"post-footer\">\r\n            <div class=\"read-more\">\r\n\t\t\t\t<a data-id=\"2094\" href=\"https:\/\/macbookwale.com\/index.php\/2023\/04\/08\/expert-advice-to-fix-your-water-damaged-smart-iphone-2\/\" class=\"tpg-post-link\" target=\"_self\">Read More<\/a>            <\/div>\r\n        <\/div>\r\n\t\t\t\t<\/div>\r\n\t<\/div>\r\n<\/div>\r\n\r\n<div class=\"rt-col-md-4 rt-col-sm-6 rt-col-xs-12 default rt-grid-item post-2081 post type-post status-publish format-standard hentry category-uncategorized\"\t\tdata-id=\"2081\">\r\n\t<div class=\"rt-holder tpg-post-holder\">\r\n\t\t<div class=\"rt-detail rt-el-content-wrapper\">\r\n\t\t\t\t\t\t\t<div class=\"rt-img-holder tpg-el-image-wrap has-no-thumbnail\">\r\n\t\t\t\t\t<a data-id=\"2081\" href=\"https:\/\/macbookwale.com\/index.php\/2023\/04\/08\/best-place-to-get-your-broken-iphone-repair-fixed\/\" class=\"tpg-post-link\" target=\"_self\"><img class='rt-img-responsive' src='https:\/\/macbookwale.com\/wp-content\/uploads\/2023\/04\/istockphoto-1308486601-612x612-1.jpg' width=\"612\" height=\"408\" alt='Best Place to get your Broken iphone Repair Fixed'>\t\t\r\n\t\t<\/a>\r\n\t\t        <div class=\"overlay grid-hover-content\"><\/div>\r\n\t\t\t\t\t\t<\/div>\r\n\t\t\t\r\n\t\t\t<div class=\"entry-title-wrapper\"><h3 class=\"entry-title\"><a data-id=\"2081\" href=\"https:\/\/macbookwale.com\/index.php\/2023\/04\/08\/best-place-to-get-your-broken-iphone-repair-fixed\/\" class=\"tpg-post-link\" target=\"_self\">Best Place to get your Broken iphone Repair Fixed<\/a><\/h3><\/div>\r\n\t\t\t\t\t\t\t<div class=\"post-meta-tags rt-el-post-meta\">\r\n\t\t\t\t\t            <span class='author has-author-avatar'>\r\n\r\n\t\t\t\t<img alt='' src='https:\/\/secure.gravatar.com\/avatar\/d8d7fb7e96eb2ad1641c3c53a9ed4ebe?s=80&#038;d=mm&#038;r=g' class='avatar avatar-80 photo' height='80' width='80' \/><a href=\"https:\/\/macbookwale.com\/index.php\/author\/macbookwale\/\">macbookwale<\/a>\t\t\t<\/span>\r\n\t\t\t            <span class='date'>\r\n\r\n\t\t\t\t<i class='far fa-calendar-alt'><\/i>\t\t\t\t<a href=\"https:\/\/macbookwale.com\/index.php\/2023\/04\/08\/\">\r\n\t\t\t\t\tApril 8, 2023\t\t\t\t<\/a>\r\n\t\t\t<\/span>\r\n\t\t\t            <span class='categories-links'>\r\n\t\t\t\t<i class='fas fa-folder-open'><\/i><a class=\"uncategorized\" href=\"https:\/\/macbookwale.com\/index.php\/category\/uncategorized\/\">Uncategorized<\/a>\r\n\t\t\t<\/span>\r\n\t\t\t\t\t\t\t<\/div>\r\n\t\t\t\r\n\r\n\t\t\t\t\t\t\t<div class=\"tpg-excerpt tpg-el-excerpt\">\r\n\t\t\t\t\t\t\t\t\t\t\t<div class=\"tpg-excerpt-inner\">\r\n\t\t\t\t\t\t\tThe best definition for a bad day would be like dropping your iPhone. It is just as similar and severe to a mild heart attack. Isn\u2019t it? Fret not even if you have witnessed this situation. You are  ...\t\t\t\t\t\t<\/div>\r\n\t\t\t\t\t\t\t\t\t\t\t\t\t\t<\/div>\r\n\t\t\t\r\n\t\t\t        <div class=\"post-footer\">\r\n            <div class=\"read-more\">\r\n\t\t\t\t<a data-id=\"2081\" href=\"https:\/\/macbookwale.com\/index.php\/2023\/04\/08\/best-place-to-get-your-broken-iphone-repair-fixed\/\" class=\"tpg-post-link\" target=\"_self\">Read More<\/a>            <\/div>\r\n        <\/div>\r\n\t\t\t\t<\/div>\r\n\t<\/div>\r\n<\/div>\r\n\r\n<div class=\"rt-col-md-4 rt-col-sm-6 rt-col-xs-12 default rt-grid-item post-2070 post type-post status-publish format-standard hentry category-uncategorized\"\t\tdata-id=\"2070\">\r\n\t<div class=\"rt-holder tpg-post-holder\">\r\n\t\t<div class=\"rt-detail rt-el-content-wrapper\">\r\n\t\t\t\t\t\t\t<div class=\"rt-img-holder tpg-el-image-wrap has-no-thumbnail\">\r\n\t\t\t\t\t<a data-id=\"2070\" href=\"https:\/\/macbookwale.com\/index.php\/2023\/04\/08\/top-7-charging-mistakes-that-kill-your-iphone-battery\/\" class=\"tpg-post-link\" target=\"_self\"><img class='rt-img-responsive' src='https:\/\/macbookwale.com\/wp-content\/uploads\/2023\/04\/istockphoto-1402095562-612x612-1.jpg' width=\"612\" height=\"408\" alt='Top 7 Charging Mistakes that kill your iPhone Battery'>\t\t\r\n\t\t<\/a>\r\n\t\t        <div class=\"overlay grid-hover-content\"><\/div>\r\n\t\t\t\t\t\t<\/div>\r\n\t\t\t\r\n\t\t\t<div class=\"entry-title-wrapper\"><h3 class=\"entry-title\"><a data-id=\"2070\" href=\"https:\/\/macbookwale.com\/index.php\/2023\/04\/08\/top-7-charging-mistakes-that-kill-your-iphone-battery\/\" class=\"tpg-post-link\" target=\"_self\">Top 7 Charging Mistakes that kill your iPhone Battery<\/a><\/h3><\/div>\r\n\t\t\t\t\t\t\t<div class=\"post-meta-tags rt-el-post-meta\">\r\n\t\t\t\t\t            <span class='author has-author-avatar'>\r\n\r\n\t\t\t\t<img alt='' src='https:\/\/secure.gravatar.com\/avatar\/d8d7fb7e96eb2ad1641c3c53a9ed4ebe?s=80&#038;d=mm&#038;r=g' class='avatar avatar-80 photo' height='80' width='80' \/><a href=\"https:\/\/macbookwale.com\/index.php\/author\/macbookwale\/\">macbookwale<\/a>\t\t\t<\/span>\r\n\t\t\t            <span class='date'>\r\n\r\n\t\t\t\t<i class='far fa-calendar-alt'><\/i>\t\t\t\t<a href=\"https:\/\/macbookwale.com\/index.php\/2023\/04\/08\/\">\r\n\t\t\t\t\tApril 8, 2023\t\t\t\t<\/a>\r\n\t\t\t<\/span>\r\n\t\t\t            <span class='categories-links'>\r\n\t\t\t\t<i class='fas fa-folder-open'><\/i><a class=\"uncategorized\" href=\"https:\/\/macbookwale.com\/index.php\/category\/uncategorized\/\">Uncategorized<\/a>\r\n\t\t\t<\/span>\r\n\t\t\t\t\t\t\t<\/div>\r\n\t\t\t\r\n\r\n\t\t\t\t\t\t\t<div class=\"tpg-excerpt tpg-el-excerpt\">\r\n\t\t\t\t\t\t\t\t\t\t\t<div class=\"tpg-excerpt-inner\">\r\n\t\t\t\t\t\t\tLetting Your iPhone Battery Drain Completely: While it&#8217;s not always practical, letting your iPhone battery drain completely can damage the battery and shorten its lifespan. Try to charge your  ...\t\t\t\t\t\t<\/div>\r\n\t\t\t\t\t\t\t\t\t\t\t\t\t\t<\/div>\r\n\t\t\t\r\n\t\t\t        <div class=\"post-footer\">\r\n            <div class=\"read-more\">\r\n\t\t\t\t<a data-id=\"2070\" href=\"https:\/\/macbookwale.com\/index.php\/2023\/04\/08\/top-7-charging-mistakes-that-kill-your-iphone-battery\/\" class=\"tpg-post-link\" target=\"_self\">Read More<\/a>            <\/div>\r\n        <\/div>\r\n\t\t\t\t<\/div>\r\n\t<\/div>\r\n<\/div>\r\n            <\/div>\r\n\t\t\t\r\n        <\/div>\r\n\t\t\t\t<\/div>\n\t\t\t\t<\/div>\n\t\t\t\t\t<\/div>\n\t\t<\/div>\n\t\t\t\t\t\t\t<\/div>\n\t\t<\/section>\n\t\t\t\t\t\t\t<\/div>\n\t\t","protected":false},"excerpt":{"rendered":"<p>In der aktuellen Universit\u00e4tsumgebung m\u00fcssen die Thesen und die Master -Thesen in kurzen Zeitrahmen geschrieben werden. Dies erfordert viel Vorbereitung und Nachforschungen ghostwriting bachelorarbeit zu diesem Thema.Oft w\u00e4hlen die Sch\u00fcler F\u00e4cher aus, die ihr am Herzen liegen, f\u00fcr die es jedoch nur wenig oder gar keine Literatur zur Verf\u00fcgung gibt. Ein Ghostwriter hat das richtige &hellip;<\/p>\n<p class=\"read-more\"> <a class=\"\" href=\"https:\/\/macbookwale.com\/index.php\/2023\/04\/08\/top-7-charging-mistakes-that-kill-your-iphone-battery\/\"> <span class=\"screen-reader-text\">Top 7 Charging Mistakes that kill your iPhone Battery<\/span> Read More &raquo;<\/a><\/p>\n","protected":false},"author":1,"featured_media":0,"parent":0,"menu_order":0,"comment_status":"closed","ping_status":"closed","template":"","meta":{"site-sidebar-layout":"no-sidebar","site-content-layout":"page-builder","ast-global-header-display":"","ast-main-header-display":"","ast-hfb-above-header-display":"","ast-hfb-below-header-display":"","ast-hfb-mobile-header-display":"","site-post-title":"disabled","ast-breadcrumbs-content":"","ast-featured-img":"disabled","footer-sml-layout":"","theme-transparent-header-meta":"","adv-header-id-meta":"","stick-header-meta":"","header-above-stick-meta":"","header-main-stick-meta":"","header-below-stick-meta":"","footnotes":""},"rttpg_featured_image_url":null,"rttpg_author":{"display_name":"macbookwale","author_link":"https:\/\/macbookwale.com\/index.php\/author\/macbookwale\/"},"rttpg_comment":0,"rttpg_category":"","rttpg_excerpt":"In der aktuellen Universit\u00e4tsumgebung m\u00fcssen die Thesen und die Master -Thesen in kurzen Zeitrahmen geschrieben werden. Dies erfordert viel Vorbereitung und Nachforschungen ghostwriting bachelorarbeit zu diesem Thema.Oft w\u00e4hlen die Sch\u00fcler F\u00e4cher aus, die ihr am Herzen liegen, f\u00fcr die es jedoch nur wenig oder gar keine Literatur zur Verf\u00fcgung gibt. Ein Ghostwriter hat das richtige&hellip;","_links":{"self":[{"href":"https:\/\/macbookwale.com\/index.php\/wp-json\/wp\/v2\/pages\/2005"}],"collection":[{"href":"https:\/\/macbookwale.com\/index.php\/wp-json\/wp\/v2\/pages"}],"about":[{"href":"https:\/\/macbookwale.com\/index.php\/wp-json\/wp\/v2\/types\/page"}],"author":[{"embeddable":true,"href":"https:\/\/macbookwale.com\/index.php\/wp-json\/wp\/v2\/users\/1"}],"replies":[{"embeddable":true,"href":"https:\/\/macbookwale.com\/index.php\/wp-json\/wp\/v2\/comments?post=2005"}],"version-history":[{"count":31,"href":"https:\/\/macbookwale.com\/index.php\/wp-json\/wp\/v2\/pages\/2005\/revisions"}],"predecessor-version":[{"id":2188,"href":"https:\/\/macbookwale.com\/index.php\/wp-json\/wp\/v2\/pages\/2005\/revisions\/2188"}],"wp:attachment":[{"href":"https:\/\/macbookwale.com\/index.php\/wp-json\/wp\/v2\/media?parent=2005"}],"curies":[{"name":"wp","href":"https:\/\/api.w.org\/{rel}","templated":true}]}}